{"id":2,"date":"2019-07-07T00:34:36","date_gmt":"2019-07-06T23:34:36","guid":{"rendered":"http:\/\/blakstadibiza.com.mialias.net\/?page_id=2"},"modified":"2023-10-11T11:24:58","modified_gmt":"2023-10-11T10:24:58","slug":"home","status":"publish","type":"page","link":"https:\/\/blakstadibiza.com\/es\/","title":{"rendered":"Inicio"},"content":{"rendered":"","protected":false},"excerpt":{"rendered":"","protected":false},"author":2,"featured_media":0,"parent":0,"menu_order":-100,"comment_status":"closed","ping_status":"closed","template":"pages\/template-flex.php","meta":{"_acf_changed":false,"_monsterinsights_skip_tracking":false,"_monsterinsights_sitenote_active":false,"_monsterinsights_sitenote_note":"","_monsterinsights_sitenote_category":0,"footnotes":""},"class_list":["post-2","page","type-page","status-publish","hentry"],"acf":[],"yoast_head":"<!-- This site is optimized with the Yoast SEO plugin v26.6 - https:\/\/yoast.com\/wordpress\/plugins\/seo\/ -->\n<title>Blakstad - Arquitectos y estudio de dise\u00f1o Blakstad Ibiza<\/title>\n<meta name=\"description\" content=\"Blakstad Ibiza arquitectos fusiona los fundamentos de la tradici\u00f3n arquitect\u00f3nica de Ibiza con funcionalidad, forma y estilo contempor\u00e1neos.\" \/>\n<meta name=\"robots\" content=\"index, follow, max-snippet:-1, max-image-preview:large, max-video-preview:-1\" \/>\n<link rel=\"canonical\" href=\"\/es\/\" \/>\n<meta property=\"og:locale\" content=\"es_ES\" \/>\n<meta property=\"og:type\" content=\"article\" \/>\n<meta property=\"og:title\" content=\"Blakstad - Arquitectos y estudio de dise\u00f1o Blakstad Ibiza\" \/>\n<meta property=\"og:description\" content=\"Blakstad Ibiza arquitectos fusiona los fundamentos de la tradici\u00f3n arquitect\u00f3nica de Ibiza con funcionalidad, forma y estilo contempor\u00e1neos.\" \/>\n<meta property=\"og:url\" content=\"\/es\/\" \/>\n<meta property=\"og:site_name\" content=\"Blakstad\" \/>\n<meta property=\"article:modified_time\" content=\"2023-10-11T10:24:58+00:00\" \/>\n<meta name=\"twitter:card\" content=\"summary_large_image\" \/>\n<script type=\"application\/ld+json\" class=\"yoast-schema-graph\">{\"@context\":\"https:\/\/schema.org\",\"@graph\":[{\"@type\":\"WebPage\",\"@id\":\"https:\/\/blakstadibiza.com\/es\/\",\"url\":\"\/es\/\",\"name\":\"Blakstad - Arquitectos y estudio de dise\u00f1o Blakstad Ibiza\",\"isPartOf\":{\"@id\":\"https:\/\/blakstadibiza.com\/es\/#website\"},\"datePublished\":\"2019-07-06T23:34:36+00:00\",\"dateModified\":\"2023-10-11T10:24:58+00:00\",\"description\":\"Blakstad Ibiza arquitectos fusiona los fundamentos de la tradici\u00f3n arquitect\u00f3nica de Ibiza con funcionalidad, forma y estilo contempor\u00e1neos.\",\"breadcrumb\":{\"@id\":\"\/es\/#breadcrumb\"},\"inLanguage\":\"es\",\"potentialAction\":[{\"@type\":\"ReadAction\",\"target\":[[\"\/es\/\"]]}]},{\"@type\":\"BreadcrumbList\",\"@id\":\"\/es\/#breadcrumb\",\"itemListElement\":[{\"@type\":\"ListItem\",\"position\":1,\"name\":\"Home\",\"item\":\"https:\/\/blakstadibiza.com\/es\/\"},{\"@type\":\"ListItem\",\"position\":2,\"name\":\"Home\"}]},{\"@type\":\"WebSite\",\"@id\":\"https:\/\/blakstadibiza.com\/es\/#website\",\"url\":\"https:\/\/blakstadibiza.com\/es\/\",\"name\":\"Blakstad Ibiza Architects\",\"description\":\"Ibiza design consultants\",\"publisher\":{\"@id\":\"https:\/\/blakstadibiza.com\/es\/#organization\"},\"potentialAction\":[{\"@type\":\"SearchAction\",\"target\":{\"@type\":\"EntryPoint\",\"urlTemplate\":\"https:\/\/blakstadibiza.com\/es\/?s={search_term_string}\"},\"query-input\":{\"@type\":\"PropertyValueSpecification\",\"valueRequired\":true,\"valueName\":\"search_term_string\"}}],\"inLanguage\":\"es\"},{\"@type\":\"Organization\",\"@id\":\"https:\/\/blakstadibiza.com\/es\/#organization\",\"name\":\"Blakstad Ibiza architects\",\"url\":\"https:\/\/blakstadibiza.com\/es\/\",\"logo\":{\"@type\":\"ImageObject\",\"inLanguage\":\"es\",\"@id\":\"https:\/\/blakstadibiza.com\/es\/#\/schema\/logo\/image\/\",\"url\":\"https:\/\/blakstadibiza.com\/wp-content\/uploads\/2019\/07\/BlakstadLogoGrey.png\",\"contentUrl\":\"https:\/\/blakstadibiza.com\/wp-content\/uploads\/2019\/07\/BlakstadLogoGrey.png\",\"width\":2945,\"height\":1009,\"caption\":\"Blakstad Ibiza architects\"},\"image\":{\"@id\":\"https:\/\/blakstadibiza.com\/es\/#\/schema\/logo\/image\/\"},\"sameAs\":[\"https:\/\/www.instagram.com\/blakstadibiza\/\",\"https:\/\/www.linkedin.com\/company\/blakstad-ibiza\/\",\"https:\/\/www.pinterest.es\/blakstadibiza\/\"]}]}<\/script>\n<!-- \/ Yoast SEO plugin. -->","yoast_head_json":{"title":"Blakstad - Arquitectos y estudio de dise\u00f1o Blakstad Ibiza","description":"Blakstad Ibiza arquitectos fusiona los fundamentos de la tradici\u00f3n arquitect\u00f3nica de Ibiza con funcionalidad, forma y estilo contempor\u00e1neos.","robots":{"index":"index","follow":"follow","max-snippet":"max-snippet:-1","max-image-preview":"max-image-preview:large","max-video-preview":"max-video-preview:-1"},"canonical":"\/es\/","og_locale":"es_ES","og_type":"article","og_title":"Blakstad - Arquitectos y estudio de dise\u00f1o Blakstad Ibiza","og_description":"Blakstad Ibiza arquitectos fusiona los fundamentos de la tradici\u00f3n arquitect\u00f3nica de Ibiza con funcionalidad, forma y estilo contempor\u00e1neos.","og_url":"\/es\/","og_site_name":"Blakstad","article_modified_time":"2023-10-11T10:24:58+00:00","twitter_card":"summary_large_image","schema":{"@context":"https:\/\/schema.org","@graph":[{"@type":"WebPage","@id":"https:\/\/blakstadibiza.com\/es\/","url":"\/es\/","name":"Blakstad - Arquitectos y estudio de dise\u00f1o Blakstad Ibiza","isPartOf":{"@id":"https:\/\/blakstadibiza.com\/es\/#website"},"datePublished":"2019-07-06T23:34:36+00:00","dateModified":"2023-10-11T10:24:58+00:00","description":"Blakstad Ibiza arquitectos fusiona los fundamentos de la tradici\u00f3n arquitect\u00f3nica de Ibiza con funcionalidad, forma y estilo contempor\u00e1neos.","breadcrumb":{"@id":"\/es\/#breadcrumb"},"inLanguage":"es","potentialAction":[{"@type":"ReadAction","target":[["\/es\/"]]}]},{"@type":"BreadcrumbList","@id":"\/es\/#breadcrumb","itemListElement":[{"@type":"ListItem","position":1,"name":"Home","item":"https:\/\/blakstadibiza.com\/es\/"},{"@type":"ListItem","position":2,"name":"Home"}]},{"@type":"WebSite","@id":"https:\/\/blakstadibiza.com\/es\/#website","url":"https:\/\/blakstadibiza.com\/es\/","name":"Blakstad Ibiza Architects","description":"Ibiza design consultants","publisher":{"@id":"https:\/\/blakstadibiza.com\/es\/#organization"},"potentialAction":[{"@type":"SearchAction","target":{"@type":"EntryPoint","urlTemplate":"https:\/\/blakstadibiza.com\/es\/?s={search_term_string}"},"query-input":{"@type":"PropertyValueSpecification","valueRequired":true,"valueName":"search_term_string"}}],"inLanguage":"es"},{"@type":"Organization","@id":"https:\/\/blakstadibiza.com\/es\/#organization","name":"Blakstad Ibiza architects","url":"https:\/\/blakstadibiza.com\/es\/","logo":{"@type":"ImageObject","inLanguage":"es","@id":"https:\/\/blakstadibiza.com\/es\/#\/schema\/logo\/image\/","url":"https:\/\/blakstadibiza.com\/wp-content\/uploads\/2019\/07\/BlakstadLogoGrey.png","contentUrl":"https:\/\/blakstadibiza.com\/wp-content\/uploads\/2019\/07\/BlakstadLogoGrey.png","width":2945,"height":1009,"caption":"Blakstad Ibiza architects"},"image":{"@id":"https:\/\/blakstadibiza.com\/es\/#\/schema\/logo\/image\/"},"sameAs":["https:\/\/www.instagram.com\/blakstadibiza\/","https:\/\/www.linkedin.com\/company\/blakstad-ibiza\/","https:\/\/www.pinterest.es\/blakstadibiza\/"]}]}},"_links":{"self":[{"href":"https:\/\/blakstadibiza.com\/es\/wp-json\/wp\/v2\/pages\/2","targetHints":{"allow":["GET"]}}],"collection":[{"href":"https:\/\/blakstadibiza.com\/es\/wp-json\/wp\/v2\/pages"}],"about":[{"href":"https:\/\/blakstadibiza.com\/es\/wp-json\/wp\/v2\/types\/page"}],"author":[{"embeddable":true,"href":"https:\/\/blakstadibiza.com\/es\/wp-json\/wp\/v2\/users\/2"}],"replies":[{"embeddable":true,"href":"https:\/\/blakstadibiza.com\/es\/wp-json\/wp\/v2\/comments?post=2"}],"version-history":[{"count":71,"href":"https:\/\/blakstadibiza.com\/es\/wp-json\/wp\/v2\/pages\/2\/revisions"}],"predecessor-version":[{"id":4714,"href":"https:\/\/blakstadibiza.com\/es\/wp-json\/wp\/v2\/pages\/2\/revisions\/4714"}],"wp:attachment":[{"href":"https:\/\/blakstadibiza.com\/es\/wp-json\/wp\/v2\/media?parent=2"}],"curies":[{"name":"wp","href":"https:\/\/api.w.org\/{rel}","templated":true}]}}