{"id":1067,"date":"2019-08-07T20:03:12","date_gmt":"2019-08-07T19:03:12","guid":{"rendered":"http:\/\/blakstadibiza.com.mialias.net\/?page_id=1067"},"modified":"2025-11-11T16:13:17","modified_gmt":"2025-11-11T16:13:17","slug":"politica-sus-datos-seguros","status":"publish","type":"page","link":"https:\/\/blakstadibiza.com\/es\/politica-sus-datos-seguros\/","title":{"rendered":"Pol\u00edtica de privacidad"},"content":{"rendered":"<p><strong>Informaci\u00f3n en cumplimiento de la normativa de protecci\u00f3n de datos personales<\/strong><\/p>\n<p>En Europa y en Espa\u00f1a existen normas de protecci\u00f3n de datos pensadas para proteger su informaci\u00f3n personal de obligado cumplimiento para nuestra entidad.<br \/>\nPor ello, es muy importante para nosotros que entienda perfectamente qu\u00e9 vamos a hacer con los datos personales que le pedimos.<br \/>\nAs\u00ed, seremos transparentes y le daremos el control de sus datos, con un lenguaje sencillo y opciones claras que le permitir\u00e1n decidir qu\u00e9 haremos con su informaci\u00f3n personal.<br \/>\nPor favor, si una vez le\u00edda la presente informaci\u00f3n le queda alguna duda, no dude en preguntarnos.<br \/>\nMuchas gracias por su colaboraci\u00f3n.<\/p>\n<p><strong>\u00bfQui\u00e9nes somos?<\/strong><\/p>\n<ul>\n<li>Nuestra denominaci\u00f3n:\u00a0<strong>DISE\u00d1O IBIZA, S.L.<\/strong><\/li>\n<li>Nuestro CIF \/ NIF:\u00a0<strong>B07874936<\/strong><\/li>\n<li>Nuestra actividad principal:\u00a0<strong>DISE\u00d1OS<\/strong><\/li>\n<li>Nuestra direcci\u00f3n:\u00a0<strong>CTRA. SAN CARLOS\/ SAN LORENZO KM 3,1, CP 07850, SANTA EULALIA (Balears (Illes))<\/strong><\/li>\n<li>Nuestro tel\u00e9fono de contacto:\u00a0<strong>663907669<\/strong><\/li>\n<li>Nuestra direcci\u00f3n de correo electr\u00f3nico de contacto:\u00a0\u00a0<strong>angeles@blakstadibiza.com<\/strong><\/li>\n<li>Nuestra p\u00e1gina web:\u00a0<strong>blakstadibiza.com<\/strong><\/li>\n<li>Inscripci\u00f3n en el registro Mercantil: <a href=\"https:\/\/blakstadibiza.com\/wp-content\/uploads\/2023\/03\/REGISTRO-MERCANTIL-DISENOS-IBIZA-SL_Z74TT66.-pdf.pdf\" target=\"_blank\" rel=\"noopener\"><strong>descargar PDF<\/strong><\/a><\/li>\n<\/ul>\n<p>Estamos a su disposici\u00f3n, no dude en contactar con nosotros.<\/p>\n<p><b>\u00bfPara qu\u00e9 vamos a usar sus datos?<\/b><\/p>\n<p>Con car\u00e1cter general, sus datos personales ser\u00e1n usados para poder relacionarnos con usted y poder prestarle nuestros servicios.<\/p>\n<p>Asimismo, tambi\u00e9n pueden ser usados para otras actividades, como enviarle publicidad o promocionar nuestras actividades.<\/p>\n<p><b>\u00bfPor qu\u00e9 necesitamos usar sus datos?<\/b><\/p>\n<p>Sus datos personales son necesarios para poder relacionarnos con usted y poder prestarle nuestros servicios. En este sentido, pondremos a su disposici\u00f3n una serie de casillas que le permitir\u00e1n decidir de manera clara y sencilla sobre el uso de su informaci\u00f3n personal.<\/p>\n<p><b>\u00bfQui\u00e9n va a conocer la informaci\u00f3n que le pedimos?<\/b><\/p>\n<p>Con car\u00e1cter general, s\u00f3lo el personal de nuestra entidad que est\u00e9 debidamente autorizado podr\u00e1 tener conocimiento de la informaci\u00f3n que le pedimos.<\/p>\n<p>De igual modo, podr\u00e1n tener conocimiento de su informaci\u00f3n personal aquellas entidades que necesiten tener acceso a la misma para que podamos prestarle nuestros servicios. As\u00ed por ejemplo, nuestro banco conocer\u00e1 sus datos si el pago de nuestros servicios se realiza mediante tarjeta o transferencia bancaria.<\/p>\n<p>Asimismo, tendr\u00e1n conocimiento de su informaci\u00f3n aquellas entidades p\u00fablicas o privadas a las cuales estemos obligados a facilitar sus datos personales con motivo del cumplimiento de alguna ley. Poni\u00e9ndole un ejemplo, la Ley Tributaria obliga a facilitar a la Agencia Tributaria determinada informaci\u00f3n sobre operaciones econ\u00f3micas que superen una determinada cantidad.<\/p>\n<p>En el caso de que, al margen de los supuestos comentados, necesitemos dar a conocer \u00a0su informaci\u00f3n personal a otras entidades, le solicitaremos previamente su permiso a trav\u00e9s de opciones claras que le permitir\u00e1n decidir a este respecto.<\/p>\n<p><b>\u00bfC\u00f3mo vamos a proteger sus datos?<\/b><\/p>\n<p>Protegeremos sus datos con medidas de seguridad eficaces en funci\u00f3n de los riesgos que conlleve el uso de su informaci\u00f3n.<\/p>\n<p>Para ello, nuestra entidad ha aprobado una Pol\u00edtica de Protecci\u00f3n de Datos y se realizan controles y auditor\u00edas anuales para verificar que sus datos personales est\u00e1n seguros en todo momento.<\/p>\n<p><b>\u00bfEnviaremos sus datos a otros pa\u00edses?<\/b><\/p>\n<p>En el mundo hay pa\u00edses que son seguros para sus datos y otros que no lo son tanto. As\u00ed por ejemplo, la Uni\u00f3n Europea es un entorno seguro para sus datos. Nuestra pol\u00edtica es no enviar su informaci\u00f3n personal a ning\u00fan pa\u00eds que no sea seguro desde el punto de vista de la protecci\u00f3n de sus datos.<\/p>\n<p>En el caso de que, con motivo de prestarle el servicio, sea imprescindible enviar sus datos a un pa\u00eds que no sea tan seguro como Espa\u00f1a, siempre le solicitaremos previamente su permiso y aplicaremos medidas de seguridad eficaces que reduzcan los riesgos del env\u00edo de su informaci\u00f3n personal a otro pa\u00eds.<\/p>\n<p><b>\u00bfDurante cu\u00e1nto tiempo vamos a conservar sus datos?<\/b><\/p>\n<p>Conservaremos sus datos durante nuestra relaci\u00f3n y mientras nos obliguen las leyes. Una vez finalizados los plazos legales aplicables, procederemos a eliminarlos de forma segura y respetuosa con el medio ambiente.<\/p>\n<p><b>\u00bfCu\u00e1les son sus derechos de protecci\u00f3n de datos?<\/b><\/p>\n<p>En cualquier momento puede dirigirse a nosotros para saber qu\u00e9 informaci\u00f3n tenemos sobre usted, rectificarla si fuese incorrecta y eliminarla una vez finalizada nuestra relaci\u00f3n, en el caso de que ello sea legalmente posible.<\/p>\n<p>Tambi\u00e9n tiene derecho a solicitar el traspaso de su informaci\u00f3n a otra entidad. Este derecho se llama \u201cportabilidad\u201d y puede ser \u00fatil en determinadas situaciones.<\/p>\n<p>En las oficinas de nuestra entidad disponemos de formularios espec\u00edficos para solicitar dichos derechos y le ofrecemos nuestra ayuda para su cumplimentaci\u00f3n.<\/p>\n<p>Para saber m\u00e1s sobre sus derechos de protecci\u00f3n de datos, puede consultar la \u00a0p\u00e1gina web de la Agencia Espa\u00f1ola de Protecci\u00f3n de Datos (<a href=\"http:\/\/www.agpd.es\/\">www.agpd.es<\/a>).<\/p>\n<p><b>\u00bfPuede retirar su consentimiento si cambia de opini\u00f3n en un momento posterior?<\/b><\/p>\n<p>Usted puede retirar su consentimiento si cambia de opini\u00f3n sobre el uso de sus datos en cualquier momento.<\/p>\n<p>As\u00ed por ejemplo, si usted en su d\u00eda estuvo interesado\/a en recibir publicidad de nuestros productos o servicios, pero ya no desea recibir m\u00e1s publicidad, puede hac\u00e9rnoslo constar a trav\u00e9s del formulario de oposici\u00f3n al tratmiento disponible en las oficinas de nuestra entidad.<\/p>\n<p><b>En caso de que entienda que sus derechos han sido desatendidos, \u00bfd\u00f3nde puede formular una reclamaci\u00f3n?<\/b><\/p>\n<p>En caso de que entienda que sus derechos han sido desatendidos por nuestra entidad, puede formular una reclamaci\u00f3n en la Agencia Espa\u00f1ola de Protecci\u00f3n de Datos, a trav\u00e9s de alguno de los medios siguientes:<\/p>\n<ul>\n<li>Sede electr\u00f3nica: www.agpd.es<\/li>\n<li>Direcci\u00f3n postal:<br \/>\nAgencia Espa\u00f1ola de Protecci\u00f3n de Datos<br \/>\nC\/ Jorge Juan, 6<br \/>\n28001-Madrid<\/li>\n<li>V\u00eda telef\u00f3nica:<\/li>\n<li>Telf. 901 100 099<br \/>\nTelf. 91 266 35 17<\/li>\n<\/ul>\n<p>Formular una reclamaci\u00f3n en la Agencia Espa\u00f1ola de Protecci\u00f3n de Datos no conlleva ning\u00fan coste y no es necesaria la asistencia de abogado ni procurador.<\/p>\n<p><b>\u00bfElaboraremos perfiles sobre usted?<\/b><\/p>\n<p>Nuestra pol\u00edtica es no elaborar perfiles sobre los usuarios de nuestros servicios.<\/p>\n<p>No obstante, pueden existir situaciones en las que, con fines de prestaci\u00f3n del servicio, comerciales o de otro tipo, necesitemos elaborar perfiles de informaci\u00f3n sobre usted. Un ejemplo pudiera ser la utilizaci\u00f3n de su historial de compras o servicios para poder ofrecerle productos o servicios adaptados a sus gustos o necesidades.<\/p>\n<p>En tal caso, aplicaremos medidas de seguridad eficaces que protejan su informaci\u00f3n en todo momento de personas no autorizadas que pretendan utilizarla en su propio beneficio.<\/p>\n<p><b>\u00bfUsaremos sus datos para otros fines?<\/b><\/p>\n<p>Nuestra pol\u00edtica es no usar sus datos para otras finalidades distintas a las que le hemos explicado. Si, no obstante, necesit\u00e1semos usar sus datos para actividades distintas, siempre le solicitaremos previamente su permiso a trav\u00e9s de opciones claras que le permitir\u00e1n decidir al respecto.<\/p>","protected":false},"excerpt":{"rendered":"<p>Informaci\u00f3n en cumplimiento de la normativa de protecci\u00f3n de datos personales En Europa y en &hellip;<\/p>\n","protected":false},"author":2,"featured_media":0,"parent":0,"menu_order":20,"comment_status":"closed","ping_status":"closed","template":"","meta":{"_acf_changed":false,"_monsterinsights_skip_tracking":false,"_monsterinsights_sitenote_active":false,"_monsterinsights_sitenote_note":"","_monsterinsights_sitenote_category":0,"footnotes":""},"class_list":["post-1067","page","type-page","status-publish","hentry"],"acf":[],"yoast_head":"<!-- This site is optimized with the Yoast SEO plugin v26.6 - https:\/\/yoast.com\/wordpress\/plugins\/seo\/ -->\n<title>Pol\u00edtica de privacidad - Blakstad<\/title>\n<meta name=\"robots\" content=\"index, follow, max-snippet:-1, max-image-preview:large, max-video-preview:-1\" \/>\n<link rel=\"canonical\" href=\"\/es\/\" \/>\n<meta property=\"og:locale\" content=\"es_ES\" \/>\n<meta property=\"og:type\" content=\"article\" \/>\n<meta property=\"og:title\" content=\"Pol\u00edtica de privacidad - Blakstad\" \/>\n<meta property=\"og:url\" content=\"\/es\/\" \/>\n<meta property=\"og:site_name\" content=\"Blakstad\" \/>\n<meta property=\"article:modified_time\" content=\"2025-11-11T16:13:17+00:00\" \/>\n<meta name=\"twitter:card\" content=\"summary_large_image\" \/>\n<meta name=\"twitter:description\" content=\"Informaci\u00f3n en cumplimiento de la normativa de protecci\u00f3n de datos personales En Europa y en &hellip;\" \/>\n<meta name=\"twitter:label1\" content=\"Tiempo de lectura\" \/>\n\t<meta name=\"twitter:data1\" content=\"5 minutos\" \/>\n<script type=\"application\/ld+json\" class=\"yoast-schema-graph\">{\"@context\":\"https:\/\/schema.org\",\"@graph\":[{\"@type\":\"WebPage\",\"@id\":\"https:\/\/blakstadibiza.com\/es\/politica-sus-datos-seguros\/\",\"url\":\"\/es\/\",\"name\":\"Pol\u00edtica de privacidad - Blakstad\",\"isPartOf\":{\"@id\":\"https:\/\/blakstadibiza.com\/es\/#website\"},\"datePublished\":\"2019-08-07T19:03:12+00:00\",\"dateModified\":\"2025-11-11T16:13:17+00:00\",\"breadcrumb\":{\"@id\":\"\/es\/#breadcrumb\"},\"inLanguage\":\"es\",\"potentialAction\":[{\"@type\":\"ReadAction\",\"target\":[[\"\/es\/\"]]}]},{\"@type\":\"BreadcrumbList\",\"@id\":\"\/es\/#breadcrumb\",\"itemListElement\":[{\"@type\":\"ListItem\",\"position\":1,\"name\":\"Home\",\"item\":\"https:\/\/blakstadibiza.com\/es\/\"},{\"@type\":\"ListItem\",\"position\":2,\"name\":\"Privacy Policy\"}]},{\"@type\":\"WebSite\",\"@id\":\"https:\/\/blakstadibiza.com\/es\/#website\",\"url\":\"https:\/\/blakstadibiza.com\/es\/\",\"name\":\"Blakstad Ibiza Architects\",\"description\":\"Ibiza design consultants\",\"publisher\":{\"@id\":\"https:\/\/blakstadibiza.com\/es\/#organization\"},\"potentialAction\":[{\"@type\":\"SearchAction\",\"target\":{\"@type\":\"EntryPoint\",\"urlTemplate\":\"https:\/\/blakstadibiza.com\/es\/?s={search_term_string}\"},\"query-input\":{\"@type\":\"PropertyValueSpecification\",\"valueRequired\":true,\"valueName\":\"search_term_string\"}}],\"inLanguage\":\"es\"},{\"@type\":\"Organization\",\"@id\":\"https:\/\/blakstadibiza.com\/es\/#organization\",\"name\":\"Blakstad Ibiza architects\",\"url\":\"https:\/\/blakstadibiza.com\/es\/\",\"logo\":{\"@type\":\"ImageObject\",\"inLanguage\":\"es\",\"@id\":\"https:\/\/blakstadibiza.com\/es\/#\/schema\/logo\/image\/\",\"url\":\"https:\/\/blakstadibiza.com\/wp-content\/uploads\/2019\/07\/BlakstadLogoGrey.png\",\"contentUrl\":\"https:\/\/blakstadibiza.com\/wp-content\/uploads\/2019\/07\/BlakstadLogoGrey.png\",\"width\":2945,\"height\":1009,\"caption\":\"Blakstad Ibiza architects\"},\"image\":{\"@id\":\"https:\/\/blakstadibiza.com\/es\/#\/schema\/logo\/image\/\"},\"sameAs\":[\"https:\/\/www.instagram.com\/blakstadibiza\/\",\"https:\/\/www.linkedin.com\/company\/blakstad-ibiza\/\",\"https:\/\/www.pinterest.es\/blakstadibiza\/\"]}]}<\/script>\n<!-- \/ Yoast SEO plugin. -->","yoast_head_json":{"title":"Pol\u00edtica de privacidad - Blakstad","robots":{"index":"index","follow":"follow","max-snippet":"max-snippet:-1","max-image-preview":"max-image-preview:large","max-video-preview":"max-video-preview:-1"},"canonical":"\/es\/","og_locale":"es_ES","og_type":"article","og_title":"Pol\u00edtica de privacidad - Blakstad","og_url":"\/es\/","og_site_name":"Blakstad","article_modified_time":"2025-11-11T16:13:17+00:00","twitter_card":"summary_large_image","twitter_description":"Informaci\u00f3n en cumplimiento de la normativa de protecci\u00f3n de datos personales En Europa y en &hellip;","twitter_misc":{"Tiempo de lectura":"5 minutos"},"schema":{"@context":"https:\/\/schema.org","@graph":[{"@type":"WebPage","@id":"https:\/\/blakstadibiza.com\/es\/politica-sus-datos-seguros\/","url":"\/es\/","name":"Pol\u00edtica de privacidad - Blakstad","isPartOf":{"@id":"https:\/\/blakstadibiza.com\/es\/#website"},"datePublished":"2019-08-07T19:03:12+00:00","dateModified":"2025-11-11T16:13:17+00:00","breadcrumb":{"@id":"\/es\/#breadcrumb"},"inLanguage":"es","potentialAction":[{"@type":"ReadAction","target":[["\/es\/"]]}]},{"@type":"BreadcrumbList","@id":"\/es\/#breadcrumb","itemListElement":[{"@type":"ListItem","position":1,"name":"Home","item":"https:\/\/blakstadibiza.com\/es\/"},{"@type":"ListItem","position":2,"name":"Privacy Policy"}]},{"@type":"WebSite","@id":"https:\/\/blakstadibiza.com\/es\/#website","url":"https:\/\/blakstadibiza.com\/es\/","name":"Blakstad Ibiza Architects","description":"Ibiza design consultants","publisher":{"@id":"https:\/\/blakstadibiza.com\/es\/#organization"},"potentialAction":[{"@type":"SearchAction","target":{"@type":"EntryPoint","urlTemplate":"https:\/\/blakstadibiza.com\/es\/?s={search_term_string}"},"query-input":{"@type":"PropertyValueSpecification","valueRequired":true,"valueName":"search_term_string"}}],"inLanguage":"es"},{"@type":"Organization","@id":"https:\/\/blakstadibiza.com\/es\/#organization","name":"Blakstad Ibiza architects","url":"https:\/\/blakstadibiza.com\/es\/","logo":{"@type":"ImageObject","inLanguage":"es","@id":"https:\/\/blakstadibiza.com\/es\/#\/schema\/logo\/image\/","url":"https:\/\/blakstadibiza.com\/wp-content\/uploads\/2019\/07\/BlakstadLogoGrey.png","contentUrl":"https:\/\/blakstadibiza.com\/wp-content\/uploads\/2019\/07\/BlakstadLogoGrey.png","width":2945,"height":1009,"caption":"Blakstad Ibiza architects"},"image":{"@id":"https:\/\/blakstadibiza.com\/es\/#\/schema\/logo\/image\/"},"sameAs":["https:\/\/www.instagram.com\/blakstadibiza\/","https:\/\/www.linkedin.com\/company\/blakstad-ibiza\/","https:\/\/www.pinterest.es\/blakstadibiza\/"]}]}},"_links":{"self":[{"href":"https:\/\/blakstadibiza.com\/es\/wp-json\/wp\/v2\/pages\/1067","targetHints":{"allow":["GET"]}}],"collection":[{"href":"https:\/\/blakstadibiza.com\/es\/wp-json\/wp\/v2\/pages"}],"about":[{"href":"https:\/\/blakstadibiza.com\/es\/wp-json\/wp\/v2\/types\/page"}],"author":[{"embeddable":true,"href":"https:\/\/blakstadibiza.com\/es\/wp-json\/wp\/v2\/users\/2"}],"replies":[{"embeddable":true,"href":"https:\/\/blakstadibiza.com\/es\/wp-json\/wp\/v2\/comments?post=1067"}],"version-history":[{"count":10,"href":"https:\/\/blakstadibiza.com\/es\/wp-json\/wp\/v2\/pages\/1067\/revisions"}],"predecessor-version":[{"id":5041,"href":"https:\/\/blakstadibiza.com\/es\/wp-json\/wp\/v2\/pages\/1067\/revisions\/5041"}],"wp:attachment":[{"href":"https:\/\/blakstadibiza.com\/es\/wp-json\/wp\/v2\/media?parent=1067"}],"curies":[{"name":"wp","href":"https:\/\/api.w.org\/{rel}","templated":true}]}}